{"id":6220,"date":"2026-04-27T07:46:28","date_gmt":"2026-04-27T07:46:28","guid":{"rendered":"https:\/\/zenavietnam.com\/?post_type=product&#038;p=6220"},"modified":"2026-04-27T07:56:25","modified_gmt":"2026-04-27T07:56:25","slug":"hina-%e3%81%b2%e3%81%aa","status":"publish","type":"product","link":"https:\/\/zenavietnam.com\/en\/massage-tai-nha\/hina-%e3%81%b2%e3%81%aa\/","title":{"rendered":"Hina (\u3072\u306a)"},"content":{"rendered":"","protected":false},"excerpt":{"rendered":"<p>\u3053\u3093\u306b\u3061\u306f\u3002\u304a\u5ba2\u69d8\u306e\u5065\u5eb7\u3092\u30b5\u30dd\u30fc\u30c8\u3055\u305b\u3066\u3044\u305f\u3060\u304d\u3001\u5927\u5909\u5b09\u3057\u304f\u601d\u3044\u307e\u3059\u3002\u79c1\u306f\u4f1d\u7d71\u7684\u306a\u30de\u30c3\u30b5\u30fc\u30b8\u306e\u7d4c\u9a13\u304c\u3042\u308a\u3001\u65e5\u672c\u8a9e\u3082\u8a71\u305b\u307e\u3059\u3002\u57fc\u7389\u306b\u4f4f\u307f\u3001\u50cd\u3044\u3066\u3044\u307e\u3057\u305f\u3002 K\u00ednh ch\u00e0o qu\u00fd kh\u00e1ch h\u00e0ng t\u00f4i r\u1ea5t vui \u0111\u01b0\u1ee3c ch\u0103m s\u00f3c s\u1ee9c kho\u1ebb cho kh\u00e1ch h\u00e0ng sau nh\u1eefng bu\u1ed5i l\u00e0m vi\u1ec7c v\u1ea5t v\u1ea3 m\u1ec7t nh\u1ecdc, t\u00f4i bi\u1ebft giao ti\u1ebfp ti\u1ebfng Nh\u1eadt b\u1ea3n l\u00e0 ng\u01b0\u1eddi th\u00e2n thi\u1ec7n r\u1ebb g\u1ea7n t\u00f4i ,c\u00f3 3 n\u0103m kinh nghi\u1ec7m l\u00e0m massage , l\u00e0m vi\u1ec7c nhi\u1ec7t t\u00ecnh. Lu\u00f4n luon chu \u00fd ,c\u00f4ng vi\u1ec7c kh\u00e1ch h\u00e0ng s\u1ebd \u0111\u01b0\u1ee3c massage c\u1ed5 vai g\u00e1y, ch\u00e2n.boody. vvv\u2026.tao c\u1ea3m gi\u00e1c tho\u1ea3i m\u00e1i thu gian nhat cho qu\u00fd kh\u00e1ch h\u00e0ng . R\u1ea5t mong \u0111\u01b0\u1ee3c qu\u00fd kh\u00e1ch h\u00e0ng \u1ee7ng h\u1ed9.<\/p>","protected":false},"featured_media":6225,"comment_status":"closed","ping_status":"closed","template":"","meta":{"_acf_changed":false},"product_brand":[],"product_cat":[591],"product_tag":[],"class_list":{"0":"post-6220","1":"product","2":"type-product","3":"status-publish","4":"has-post-thumbnail","6":"product_cat-danh-muc-trang-chu","8":"first","9":"instock","10":"shipping-taxable","11":"purchasable","12":"product-type-variable"},"acf":[],"_links":{"self":[{"href":"https:\/\/zenavietnam.com\/en\/wp-json\/wp\/v2\/product\/6220","targetHints":{"allow":["GET"]}}],"collection":[{"href":"https:\/\/zenavietnam.com\/en\/wp-json\/wp\/v2\/product"}],"about":[{"href":"https:\/\/zenavietnam.com\/en\/wp-json\/wp\/v2\/types\/product"}],"replies":[{"embeddable":true,"href":"https:\/\/zenavietnam.com\/en\/wp-json\/wp\/v2\/comments?post=6220"}],"wp:featuredmedia":[{"embeddable":true,"href":"https:\/\/zenavietnam.com\/en\/wp-json\/wp\/v2\/media\/6225"}],"wp:attachment":[{"href":"https:\/\/zenavietnam.com\/en\/wp-json\/wp\/v2\/media?parent=6220"}],"wp:term":[{"taxonomy":"product_brand","embeddable":true,"href":"https:\/\/zenavietnam.com\/en\/wp-json\/wp\/v2\/product_brand?post=6220"},{"taxonomy":"product_cat","embeddable":true,"href":"https:\/\/zenavietnam.com\/en\/wp-json\/wp\/v2\/product_cat?post=6220"},{"taxonomy":"product_tag","embeddable":true,"href":"https:\/\/zenavietnam.com\/en\/wp-json\/wp\/v2\/product_tag?post=6220"}],"curies":[{"name":"wp","href":"https:\/\/api.w.org\/{rel}","templated":true}]}}