{"id":6382,"date":"2026-05-05T04:27:01","date_gmt":"2026-05-05T04:27:01","guid":{"rendered":"https:\/\/zenavietnam.com\/?post_type=product&#038;p=6382"},"modified":"2026-05-05T04:27:01","modified_gmt":"2026-05-05T04:27:01","slug":"bang-bang-tam%f0%9f%8c%b9","status":"publish","type":"product","link":"https:\/\/zenavietnam.com\/en\/massage-tai-nha\/bang-bang-tam%f0%9f%8c%b9\/","title":{"rendered":"B\u0103ng B\u0103ng T\u00e2m\ud83c\udf39"},"content":{"rendered":"","protected":false},"excerpt":{"rendered":"<p>\u0110\u00e3 c\u00f3 5 n\u0103m l\u00e0m massage foot and body. Gi\u1ea3m b\u00e9o b\u1ee5ng, tr\u1ecb li\u1ec7u c\u1ed5 vai g\u00e1y. R\u1ea5t vui \u0111\u01b0\u1ee3c ph\u1ee5c v\u1ee5 qu\u00fd kh\u00e1ch.<\/p>","protected":false},"featured_media":6391,"comment_status":"closed","ping_status":"closed","template":"","meta":{"_acf_changed":false},"product_brand":[],"product_cat":[574],"product_tag":[592],"class_list":{"0":"post-6382","1":"product","2":"type-product","3":"status-publish","4":"has-post-thumbnail","6":"product_cat-massage","7":"product_tag-massage","9":"first","10":"instock","11":"shipping-taxable","12":"purchasable","13":"product-type-variable"},"acf":[],"_links":{"self":[{"href":"https:\/\/zenavietnam.com\/en\/wp-json\/wp\/v2\/product\/6382","targetHints":{"allow":["GET"]}}],"collection":[{"href":"https:\/\/zenavietnam.com\/en\/wp-json\/wp\/v2\/product"}],"about":[{"href":"https:\/\/zenavietnam.com\/en\/wp-json\/wp\/v2\/types\/product"}],"replies":[{"embeddable":true,"href":"https:\/\/zenavietnam.com\/en\/wp-json\/wp\/v2\/comments?post=6382"}],"wp:featuredmedia":[{"embeddable":true,"href":"https:\/\/zenavietnam.com\/en\/wp-json\/wp\/v2\/media\/6391"}],"wp:attachment":[{"href":"https:\/\/zenavietnam.com\/en\/wp-json\/wp\/v2\/media?parent=6382"}],"wp:term":[{"taxonomy":"product_brand","embeddable":true,"href":"https:\/\/zenavietnam.com\/en\/wp-json\/wp\/v2\/product_brand?post=6382"},{"taxonomy":"product_cat","embeddable":true,"href":"https:\/\/zenavietnam.com\/en\/wp-json\/wp\/v2\/product_cat?post=6382"},{"taxonomy":"product_tag","embeddable":true,"href":"https:\/\/zenavietnam.com\/en\/wp-json\/wp\/v2\/product_tag?post=6382"}],"curies":[{"name":"wp","href":"https:\/\/api.w.org\/{rel}","templated":true}]}}