{"id":6392,"date":"2026-05-05T04:37:39","date_gmt":"2026-05-05T04:37:39","guid":{"rendered":"https:\/\/zenavietnam.com\/?post_type=product&#038;p=6392"},"modified":"2026-05-05T04:38:44","modified_gmt":"2026-05-05T04:38:44","slug":"thuy-van","status":"publish","type":"product","link":"https:\/\/zenavietnam.com\/en\/massage-tai-nha\/thuy-van\/","title":{"rendered":"Th\u00fay V\u00e2n"},"content":{"rendered":"","protected":false},"excerpt":{"rendered":"<p>Nh\u1eadn massage t\u1ea1i nh\u00e0, c\u0103n h\u1ed9, hotel Massage th\u01b0 gi\u00e3n Massage Aroma Massage d\u1ea7u Massage th\u00e1i Vui v\u1ebb, t\u1eadn t\u00e2m, s\u1ebd l\u00e0m h\u00e0i l\u00f2ng kh\u00e1ch h\u00e0ng d\u00f9ng d\u1ecbch v\u1ee5. Kinh nghi\u1ec7m massge 4 n\u0103m tr\u1ecb li\u1ec7u<\/p>","protected":false},"featured_media":6402,"comment_status":"closed","ping_status":"closed","template":"","meta":{"_acf_changed":false},"product_brand":[],"product_cat":[574],"product_tag":[592],"class_list":{"0":"post-6392","1":"product","2":"type-product","3":"status-publish","4":"has-post-thumbnail","6":"product_cat-massage","7":"product_tag-massage","9":"first","10":"instock","11":"shipping-taxable","12":"purchasable","13":"product-type-variable"},"acf":[],"_links":{"self":[{"href":"https:\/\/zenavietnam.com\/en\/wp-json\/wp\/v2\/product\/6392","targetHints":{"allow":["GET"]}}],"collection":[{"href":"https:\/\/zenavietnam.com\/en\/wp-json\/wp\/v2\/product"}],"about":[{"href":"https:\/\/zenavietnam.com\/en\/wp-json\/wp\/v2\/types\/product"}],"replies":[{"embeddable":true,"href":"https:\/\/zenavietnam.com\/en\/wp-json\/wp\/v2\/comments?post=6392"}],"wp:featuredmedia":[{"embeddable":true,"href":"https:\/\/zenavietnam.com\/en\/wp-json\/wp\/v2\/media\/6402"}],"wp:attachment":[{"href":"https:\/\/zenavietnam.com\/en\/wp-json\/wp\/v2\/media?parent=6392"}],"wp:term":[{"taxonomy":"product_brand","embeddable":true,"href":"https:\/\/zenavietnam.com\/en\/wp-json\/wp\/v2\/product_brand?post=6392"},{"taxonomy":"product_cat","embeddable":true,"href":"https:\/\/zenavietnam.com\/en\/wp-json\/wp\/v2\/product_cat?post=6392"},{"taxonomy":"product_tag","embeddable":true,"href":"https:\/\/zenavietnam.com\/en\/wp-json\/wp\/v2\/product_tag?post=6392"}],"curies":[{"name":"wp","href":"https:\/\/api.w.org\/{rel}","templated":true}]}}