{"id":6534,"date":"2026-05-06T02:05:08","date_gmt":"2026-05-06T02:05:08","guid":{"rendered":"https:\/\/zenavietnam.com\/?post_type=product&#038;p=6534"},"modified":"2026-05-06T02:05:08","modified_gmt":"2026-05-06T02:05:08","slug":"niem-niem","status":"publish","type":"product","link":"https:\/\/zenavietnam.com\/en\/massage-tai-nha\/niem-niem\/","title":{"rendered":"Ni\u1ec7m Ni\u1ec7m"},"content":{"rendered":"","protected":false},"excerpt":{"rendered":"<p>Kinh nghi\u1ec7m 6 n\u0103m, gi\u00fap qu\u00fd kh\u00e1ch h\u00e0ng th\u01b0 gi\u00e3n v\u1ec1 c\u1ea3 th\u1ec3 ch\u1ea5t l\u1eabn tinh th\u1ea7n sau 1 ng\u00e0y d\u00e0i m\u1ec7t m\u1ecfi. Vui v\u1ebb, nhi\u1ec7t t\u00ecnh, th\u00e2n thi\u1ec7n, kh\u00e1ch h\u00e0ng l\u00e0 \u01b0u ti\u00ean h\u00e0ng \u0111\u1ea7u. C\u1ea3m \u01a1n v\u00ec \u0111\u00e3 ch\u1ecdn , c\u00f3 nhi\u1ec1u d\u1ecbch v\u1ee5 l\u00e0m h\u00e0i l\u00f2ng s\u1ef1 tin t\u01b0\u1edfng c\u1ee7a qu\u00fd kh\u00e1ch \ud83e\udd70\ud83e\udd70 \u2606Vui l\u00f2ng kh\u00f4ng v\u00e0o \u0111\u1eb7t \u0111\u01a1n h\u00e0ng xong h\u1ecfi d\u1ecbch v\u1ee5 r\u1ed3i b\u00e1o h\u1ee7y \u0111\u01a1n. \u0110\u00e2y l\u00e0 app massage , th\u1eadt s\u1ef1 c\u00f3 nhu c\u1ea7u massage th\u00ec h\u00e3y v\u00e0o \u0111\u1eb7t \u0111\u01a1n h\u00e0ng.( xin l\u01b0u \u00fd gi\u00fap \u0111i\u1ec1u n\u00e0y tr\u01b0\u1edbc khi \u0111\u1eb7t \u0111\u1ec3 kh\u1ecfi t\u1ed1n th\u1eddi gian \u0111\u00f4i b\u00ean). \u2606Em s\u1ed1ng \u1edf khu v\u1ef1c S\u01a1n Tr\u00e0, kh\u00e1ch \u1edf xa &gt;9km vui l\u00f2ng h\u1ed7 tr\u1ee3 x\u0103ng xe v\u00e0 ph\u00ed di chuy\u1ec3n ( l\u01b0u \u00fd tr\u01b0\u1edbc khi \u0111\u1eb7t \u0111\u01a1n)<\/p>","protected":false},"featured_media":6546,"comment_status":"closed","ping_status":"closed","template":"","meta":{"_acf_changed":false},"product_brand":[],"product_cat":[574],"product_tag":[],"class_list":{"0":"post-6534","1":"product","2":"type-product","3":"status-publish","4":"has-post-thumbnail","6":"product_cat-massage","8":"first","9":"instock","10":"shipping-taxable","11":"purchasable","12":"product-type-variable"},"acf":[],"_links":{"self":[{"href":"https:\/\/zenavietnam.com\/en\/wp-json\/wp\/v2\/product\/6534","targetHints":{"allow":["GET"]}}],"collection":[{"href":"https:\/\/zenavietnam.com\/en\/wp-json\/wp\/v2\/product"}],"about":[{"href":"https:\/\/zenavietnam.com\/en\/wp-json\/wp\/v2\/types\/product"}],"replies":[{"embeddable":true,"href":"https:\/\/zenavietnam.com\/en\/wp-json\/wp\/v2\/comments?post=6534"}],"wp:featuredmedia":[{"embeddable":true,"href":"https:\/\/zenavietnam.com\/en\/wp-json\/wp\/v2\/media\/6546"}],"wp:attachment":[{"href":"https:\/\/zenavietnam.com\/en\/wp-json\/wp\/v2\/media?parent=6534"}],"wp:term":[{"taxonomy":"product_brand","embeddable":true,"href":"https:\/\/zenavietnam.com\/en\/wp-json\/wp\/v2\/product_brand?post=6534"},{"taxonomy":"product_cat","embeddable":true,"href":"https:\/\/zenavietnam.com\/en\/wp-json\/wp\/v2\/product_cat?post=6534"},{"taxonomy":"product_tag","embeddable":true,"href":"https:\/\/zenavietnam.com\/en\/wp-json\/wp\/v2\/product_tag?post=6534"}],"curies":[{"name":"wp","href":"https:\/\/api.w.org\/{rel}","templated":true}]}}