{"id":6547,"date":"2026-05-06T02:12:48","date_gmt":"2026-05-06T02:12:48","guid":{"rendered":"https:\/\/zenavietnam.com\/?post_type=product&#038;p=6547"},"modified":"2026-05-06T02:12:48","modified_gmt":"2026-05-06T02:12:48","slug":"keo-%f0%9f%8d%ad","status":"publish","type":"product","link":"https:\/\/zenavietnam.com\/en\/massage-tai-nha\/keo-%f0%9f%8d%ad\/","title":{"rendered":"K\u1eb9o \ud83c\udf6d"},"content":{"rendered":"","protected":false},"excerpt":{"rendered":"<p>Xin ch\u00e0o qu\u00fd kh\u00e1ch h\u00e0ng th\u00e2n m\u1ebfn ! Em c\u00f3 kinh nghi\u1ec7m massage 4 n\u0103m. Em lu\u00f4n l\u00e0m vi\u1ec7c nghi\u00eam t\u00fac,\u0111\u00fang gi\u1edd v\u00e0 c\u00f3 th\u1ec3 \u0111i\u1ec1u ch\u1ec9nh l\u1ef1c theo y\u00eau c\u1ea7u c\u1ee7a kh\u00e1ch h\u00e0ng ( l\u1ef1c 9\/10) Ch\u1ec9 c\u1ea7n anh\/ ch\u1ecb trao em ni\u1ec1m tin th\u00ec em tin r\u1eb1ng m\u1ecdi m\u1ec7t m\u1ecfi s\u1ebd tan bi\u1ebfn sau bu\u1ed5i massage \u1ea1 C\u1ea3m \u01a1n v\u00ec \u0111\u00e3 tin t\u01b0\u1edfng l\u1ef1a ch\u1ecdn em<\/p>","protected":false},"featured_media":6556,"comment_status":"closed","ping_status":"closed","template":"","meta":{"_acf_changed":false},"product_brand":[],"product_cat":[574],"product_tag":[],"class_list":{"0":"post-6547","1":"product","2":"type-product","3":"status-publish","4":"has-post-thumbnail","6":"product_cat-massage","8":"first","9":"instock","10":"shipping-taxable","11":"purchasable","12":"product-type-variable"},"acf":[],"_links":{"self":[{"href":"https:\/\/zenavietnam.com\/en\/wp-json\/wp\/v2\/product\/6547","targetHints":{"allow":["GET"]}}],"collection":[{"href":"https:\/\/zenavietnam.com\/en\/wp-json\/wp\/v2\/product"}],"about":[{"href":"https:\/\/zenavietnam.com\/en\/wp-json\/wp\/v2\/types\/product"}],"replies":[{"embeddable":true,"href":"https:\/\/zenavietnam.com\/en\/wp-json\/wp\/v2\/comments?post=6547"}],"wp:featuredmedia":[{"embeddable":true,"href":"https:\/\/zenavietnam.com\/en\/wp-json\/wp\/v2\/media\/6556"}],"wp:attachment":[{"href":"https:\/\/zenavietnam.com\/en\/wp-json\/wp\/v2\/media?parent=6547"}],"wp:term":[{"taxonomy":"product_brand","embeddable":true,"href":"https:\/\/zenavietnam.com\/en\/wp-json\/wp\/v2\/product_brand?post=6547"},{"taxonomy":"product_cat","embeddable":true,"href":"https:\/\/zenavietnam.com\/en\/wp-json\/wp\/v2\/product_cat?post=6547"},{"taxonomy":"product_tag","embeddable":true,"href":"https:\/\/zenavietnam.com\/en\/wp-json\/wp\/v2\/product_tag?post=6547"}],"curies":[{"name":"wp","href":"https:\/\/api.w.org\/{rel}","templated":true}]}}