{"id":6558,"date":"2026-05-06T02:46:03","date_gmt":"2026-05-06T02:46:03","guid":{"rendered":"https:\/\/zenavietnam.com\/?post_type=product&#038;p=6558"},"modified":"2026-05-06T02:46:03","modified_gmt":"2026-05-06T02:46:03","slug":"tieu-boi","status":"publish","type":"product","link":"https:\/\/zenavietnam.com\/en\/massage-tai-nha\/tieu-boi\/","title":{"rendered":"Ti\u1ec3u b\u1ed1i"},"content":{"rendered":"","protected":false},"excerpt":{"rendered":"<p>L\u00e0m vi\u1ec7c 4 n\u0103m t\u1ea1i r\u1ea5t nhi\u1ec1u spa , bi\u1ebft c\u00e1c b\u00e0i m\u00e1t xa body , th\u00e1i , ch\u00e2n \u0111\u1ea7y \u0111\u1ee7 . T\u00ednh c\u00e1ch vui v\u1ebb , nhi\u1ec7t t\u00ecnh , lu\u00f4n l\u00e0m h\u00e0i l\u00f2ng kh\u00e1ch h\u00e0ng \ud83d\ude0a<\/p>","protected":false},"featured_media":6569,"comment_status":"closed","ping_status":"closed","template":"","meta":{"_acf_changed":false},"product_brand":[],"product_cat":[574],"product_tag":[],"class_list":{"0":"post-6558","1":"product","2":"type-product","3":"status-publish","4":"has-post-thumbnail","6":"product_cat-massage","8":"first","9":"instock","10":"shipping-taxable","11":"purchasable","12":"product-type-variable"},"acf":[],"_links":{"self":[{"href":"https:\/\/zenavietnam.com\/en\/wp-json\/wp\/v2\/product\/6558","targetHints":{"allow":["GET"]}}],"collection":[{"href":"https:\/\/zenavietnam.com\/en\/wp-json\/wp\/v2\/product"}],"about":[{"href":"https:\/\/zenavietnam.com\/en\/wp-json\/wp\/v2\/types\/product"}],"replies":[{"embeddable":true,"href":"https:\/\/zenavietnam.com\/en\/wp-json\/wp\/v2\/comments?post=6558"}],"wp:featuredmedia":[{"embeddable":true,"href":"https:\/\/zenavietnam.com\/en\/wp-json\/wp\/v2\/media\/6569"}],"wp:attachment":[{"href":"https:\/\/zenavietnam.com\/en\/wp-json\/wp\/v2\/media?parent=6558"}],"wp:term":[{"taxonomy":"product_brand","embeddable":true,"href":"https:\/\/zenavietnam.com\/en\/wp-json\/wp\/v2\/product_brand?post=6558"},{"taxonomy":"product_cat","embeddable":true,"href":"https:\/\/zenavietnam.com\/en\/wp-json\/wp\/v2\/product_cat?post=6558"},{"taxonomy":"product_tag","embeddable":true,"href":"https:\/\/zenavietnam.com\/en\/wp-json\/wp\/v2\/product_tag?post=6558"}],"curies":[{"name":"wp","href":"https:\/\/api.w.org\/{rel}","templated":true}]}}