{"id":6579,"date":"2026-05-06T03:16:28","date_gmt":"2026-05-06T03:16:28","guid":{"rendered":"https:\/\/zenavietnam.com\/?post_type=product&#038;p=6579"},"modified":"2026-05-06T03:17:16","modified_gmt":"2026-05-06T03:17:16","slug":"khanh-han","status":"publish","type":"product","link":"https:\/\/zenavietnam.com\/en\/massage-tai-nha\/khanh-han\/","title":{"rendered":"Kh\u00e1nh H\u00e2n"},"content":{"rendered":"","protected":false},"excerpt":{"rendered":"<p>10 n\u0103m kinh nghi\u1ec7m . K\u1ef9 thu\u1eadt t\u1ed1t,vui v\u1ebb ,h\u00f2a \u0111\u1ed3ng v\u00e0 chi\u1ec1u kh\u00e1ch ! \ud83d\ude0d<\/p>","protected":false},"featured_media":6587,"comment_status":"closed","ping_status":"closed","template":"","meta":{"_acf_changed":false},"product_brand":[],"product_cat":[574],"product_tag":[],"class_list":{"0":"post-6579","1":"product","2":"type-product","3":"status-publish","4":"has-post-thumbnail","6":"product_cat-massage","8":"first","9":"instock","10":"shipping-taxable","11":"purchasable","12":"product-type-variable"},"acf":[],"_links":{"self":[{"href":"https:\/\/zenavietnam.com\/en\/wp-json\/wp\/v2\/product\/6579","targetHints":{"allow":["GET"]}}],"collection":[{"href":"https:\/\/zenavietnam.com\/en\/wp-json\/wp\/v2\/product"}],"about":[{"href":"https:\/\/zenavietnam.com\/en\/wp-json\/wp\/v2\/types\/product"}],"replies":[{"embeddable":true,"href":"https:\/\/zenavietnam.com\/en\/wp-json\/wp\/v2\/comments?post=6579"}],"wp:featuredmedia":[{"embeddable":true,"href":"https:\/\/zenavietnam.com\/en\/wp-json\/wp\/v2\/media\/6587"}],"wp:attachment":[{"href":"https:\/\/zenavietnam.com\/en\/wp-json\/wp\/v2\/media?parent=6579"}],"wp:term":[{"taxonomy":"product_brand","embeddable":true,"href":"https:\/\/zenavietnam.com\/en\/wp-json\/wp\/v2\/product_brand?post=6579"},{"taxonomy":"product_cat","embeddable":true,"href":"https:\/\/zenavietnam.com\/en\/wp-json\/wp\/v2\/product_cat?post=6579"},{"taxonomy":"product_tag","embeddable":true,"href":"https:\/\/zenavietnam.com\/en\/wp-json\/wp\/v2\/product_tag?post=6579"}],"curies":[{"name":"wp","href":"https:\/\/api.w.org\/{rel}","templated":true}]}}