{"id":6590,"date":"2026-05-06T03:34:57","date_gmt":"2026-05-06T03:34:57","guid":{"rendered":"https:\/\/zenavietnam.com\/?post_type=product&#038;p=6590"},"modified":"2026-05-06T03:34:57","modified_gmt":"2026-05-06T03:34:57","slug":"mie-mie","status":"publish","type":"product","link":"https:\/\/zenavietnam.com\/en\/massage-tai-nha\/mie-mie\/","title":{"rendered":"Mie mie"},"content":{"rendered":"","protected":false},"excerpt":{"rendered":"<p>Kinh nghi\u1ec7m 3 n\u0103m. T\u00ednh t\u00ecnh vui v\u1ebb ho\u00e0 \u0111\u1ed3ng v\u00e0 th\u00e2n thi\u1ec7n \ud83e\udd17<\/p>","protected":false},"featured_media":6597,"comment_status":"closed","ping_status":"closed","template":"","meta":{"_acf_changed":false},"product_brand":[],"product_cat":[574],"product_tag":[],"class_list":{"0":"post-6590","1":"product","2":"type-product","3":"status-publish","4":"has-post-thumbnail","6":"product_cat-massage","8":"first","9":"instock","10":"shipping-taxable","11":"purchasable","12":"product-type-variable"},"acf":[],"_links":{"self":[{"href":"https:\/\/zenavietnam.com\/en\/wp-json\/wp\/v2\/product\/6590","targetHints":{"allow":["GET"]}}],"collection":[{"href":"https:\/\/zenavietnam.com\/en\/wp-json\/wp\/v2\/product"}],"about":[{"href":"https:\/\/zenavietnam.com\/en\/wp-json\/wp\/v2\/types\/product"}],"replies":[{"embeddable":true,"href":"https:\/\/zenavietnam.com\/en\/wp-json\/wp\/v2\/comments?post=6590"}],"wp:featuredmedia":[{"embeddable":true,"href":"https:\/\/zenavietnam.com\/en\/wp-json\/wp\/v2\/media\/6597"}],"wp:attachment":[{"href":"https:\/\/zenavietnam.com\/en\/wp-json\/wp\/v2\/media?parent=6590"}],"wp:term":[{"taxonomy":"product_brand","embeddable":true,"href":"https:\/\/zenavietnam.com\/en\/wp-json\/wp\/v2\/product_brand?post=6590"},{"taxonomy":"product_cat","embeddable":true,"href":"https:\/\/zenavietnam.com\/en\/wp-json\/wp\/v2\/product_cat?post=6590"},{"taxonomy":"product_tag","embeddable":true,"href":"https:\/\/zenavietnam.com\/en\/wp-json\/wp\/v2\/product_tag?post=6590"}],"curies":[{"name":"wp","href":"https:\/\/api.w.org\/{rel}","templated":true}]}}