{"id":6598,"date":"2026-05-06T03:42:13","date_gmt":"2026-05-06T03:42:13","guid":{"rendered":"https:\/\/zenavietnam.com\/?post_type=product&#038;p=6598"},"modified":"2026-05-06T03:42:13","modified_gmt":"2026-05-06T03:42:13","slug":"gyuri","status":"publish","type":"product","link":"https:\/\/zenavietnam.com\/en\/massage-tai-nha\/gyuri\/","title":{"rendered":"Gyuri"},"content":{"rendered":"","protected":false},"excerpt":{"rendered":"<p>V\u1edbi \u0111\u00f4i b\u00e0n tay \u0111i\u00eau luy\u1ec7n v\u00e0 k\u1ef9 thu\u1eadt tinh t\u1ebf, em s\u1ebd mang \u0111\u1ebfn tr\u1ea3i nghi\u1ec7m massage chuy\u00ean s\u00e2u, gi\u00fap qu\u00fd kh\u00e1ch xua tan c\u0103ng th\u1eb3ng, th\u01b0 gi\u00e3n c\u01a1 th\u1ec3 v\u00e0 t\u00e1i t\u1ea1o n\u0103ng l\u01b0\u1ee3ng sau m\u1ed7i bu\u1ed5i massage.<\/p>","protected":false},"featured_media":6605,"comment_status":"closed","ping_status":"closed","template":"","meta":{"_acf_changed":false},"product_brand":[],"product_cat":[574],"product_tag":[],"class_list":{"0":"post-6598","1":"product","2":"type-product","3":"status-publish","4":"has-post-thumbnail","6":"product_cat-massage","8":"first","9":"instock","10":"shipping-taxable","11":"purchasable","12":"product-type-variable"},"acf":[],"_links":{"self":[{"href":"https:\/\/zenavietnam.com\/en\/wp-json\/wp\/v2\/product\/6598","targetHints":{"allow":["GET"]}}],"collection":[{"href":"https:\/\/zenavietnam.com\/en\/wp-json\/wp\/v2\/product"}],"about":[{"href":"https:\/\/zenavietnam.com\/en\/wp-json\/wp\/v2\/types\/product"}],"replies":[{"embeddable":true,"href":"https:\/\/zenavietnam.com\/en\/wp-json\/wp\/v2\/comments?post=6598"}],"wp:featuredmedia":[{"embeddable":true,"href":"https:\/\/zenavietnam.com\/en\/wp-json\/wp\/v2\/media\/6605"}],"wp:attachment":[{"href":"https:\/\/zenavietnam.com\/en\/wp-json\/wp\/v2\/media?parent=6598"}],"wp:term":[{"taxonomy":"product_brand","embeddable":true,"href":"https:\/\/zenavietnam.com\/en\/wp-json\/wp\/v2\/product_brand?post=6598"},{"taxonomy":"product_cat","embeddable":true,"href":"https:\/\/zenavietnam.com\/en\/wp-json\/wp\/v2\/product_cat?post=6598"},{"taxonomy":"product_tag","embeddable":true,"href":"https:\/\/zenavietnam.com\/en\/wp-json\/wp\/v2\/product_tag?post=6598"}],"curies":[{"name":"wp","href":"https:\/\/api.w.org\/{rel}","templated":true}]}}