{"id":6606,"date":"2026-05-06T03:50:11","date_gmt":"2026-05-06T03:50:11","guid":{"rendered":"https:\/\/zenavietnam.com\/?post_type=product&#038;p=6606"},"modified":"2026-05-06T03:50:11","modified_gmt":"2026-05-06T03:50:11","slug":"truc-nhi","status":"publish","type":"product","link":"https:\/\/zenavietnam.com\/en\/massage-tai-nha\/truc-nhi\/","title":{"rendered":"Tr\u00fac nhi"},"content":{"rendered":"","protected":false},"excerpt":{"rendered":"<p>Kinh nghi\u1ec7m massage tr\u1ecb li\u1ec7u h\u01a1n 5 n\u0103m trong ngh\u1ec1<\/p>\n<p>\ud83c\udf3f100%thu\u1ea7n t\u00fay , kh\u00f4ng nh\u1eadn c\u00e1c d\u1ecbch v\u1ee5 nh\u1ea3y c\u1ea3m<\/p>\n<p>\ud83c\udf3fS\u1ef1 h\u00e0i l\u00f2ng c\u1ee7a qu\u00fd kh\u00e1ch l\u00e0 ni\u1ec1m vinh h\u1ea1nh c\u1ee7a t\u00f4i<\/p>","protected":false},"featured_media":6621,"comment_status":"closed","ping_status":"closed","template":"","meta":{"_acf_changed":false},"product_brand":[],"product_cat":[574],"product_tag":[],"class_list":{"0":"post-6606","1":"product","2":"type-product","3":"status-publish","4":"has-post-thumbnail","6":"product_cat-massage","8":"first","9":"instock","10":"shipping-taxable","11":"purchasable","12":"product-type-variable"},"acf":[],"_links":{"self":[{"href":"https:\/\/zenavietnam.com\/en\/wp-json\/wp\/v2\/product\/6606","targetHints":{"allow":["GET"]}}],"collection":[{"href":"https:\/\/zenavietnam.com\/en\/wp-json\/wp\/v2\/product"}],"about":[{"href":"https:\/\/zenavietnam.com\/en\/wp-json\/wp\/v2\/types\/product"}],"replies":[{"embeddable":true,"href":"https:\/\/zenavietnam.com\/en\/wp-json\/wp\/v2\/comments?post=6606"}],"wp:featuredmedia":[{"embeddable":true,"href":"https:\/\/zenavietnam.com\/en\/wp-json\/wp\/v2\/media\/6621"}],"wp:attachment":[{"href":"https:\/\/zenavietnam.com\/en\/wp-json\/wp\/v2\/media?parent=6606"}],"wp:term":[{"taxonomy":"product_brand","embeddable":true,"href":"https:\/\/zenavietnam.com\/en\/wp-json\/wp\/v2\/product_brand?post=6606"},{"taxonomy":"product_cat","embeddable":true,"href":"https:\/\/zenavietnam.com\/en\/wp-json\/wp\/v2\/product_cat?post=6606"},{"taxonomy":"product_tag","embeddable":true,"href":"https:\/\/zenavietnam.com\/en\/wp-json\/wp\/v2\/product_tag?post=6606"}],"curies":[{"name":"wp","href":"https:\/\/api.w.org\/{rel}","templated":true}]}}