{"id":6622,"date":"2026-05-06T04:02:01","date_gmt":"2026-05-06T04:02:01","guid":{"rendered":"https:\/\/zenavietnam.com\/?post_type=product&#038;p=6622"},"modified":"2026-05-06T04:02:01","modified_gmt":"2026-05-06T04:02:01","slug":"ngoc-nhi","status":"publish","type":"product","link":"https:\/\/zenavietnam.com\/en\/massage-tai-nha\/ngoc-nhi\/","title":{"rendered":"Ng\u1ecdc nhi"},"content":{"rendered":"","protected":false},"excerpt":{"rendered":"<p>kinh nghi\u1ec7m c\u1ee7a em tr\u00ean 5 n\u0103m h\u00f2a \u0111\u1ed3ng nghi\u00eam t\u00fac nhi\u1ec7t t\u00ecnh v\u00e0 r\u1ea5t th\u00e2n thi\u1ec7n .\ud83e\udd70\ud83e\udd70\ud83e\udd70gi\u1edd l\u00e0m vi\u1ec7c c\u1ee7a em t\u1eeb 8h \u0111\u1ebfn 19h em c\u1ea3m \u01a1n qu\u00fd kh\u00e1ch khi \u0111\u00e3 ch\u1ecdn em \ud83e\udd70\ud83e\udd70\ud83e\udd70\ud83e\udd70<\/p>","protected":false},"featured_media":6629,"comment_status":"closed","ping_status":"closed","template":"","meta":{"_acf_changed":false},"product_brand":[],"product_cat":[574],"product_tag":[],"class_list":{"0":"post-6622","1":"product","2":"type-product","3":"status-publish","4":"has-post-thumbnail","6":"product_cat-massage","8":"first","9":"instock","10":"shipping-taxable","11":"purchasable","12":"product-type-variable"},"acf":[],"_links":{"self":[{"href":"https:\/\/zenavietnam.com\/en\/wp-json\/wp\/v2\/product\/6622","targetHints":{"allow":["GET"]}}],"collection":[{"href":"https:\/\/zenavietnam.com\/en\/wp-json\/wp\/v2\/product"}],"about":[{"href":"https:\/\/zenavietnam.com\/en\/wp-json\/wp\/v2\/types\/product"}],"replies":[{"embeddable":true,"href":"https:\/\/zenavietnam.com\/en\/wp-json\/wp\/v2\/comments?post=6622"}],"wp:featuredmedia":[{"embeddable":true,"href":"https:\/\/zenavietnam.com\/en\/wp-json\/wp\/v2\/media\/6629"}],"wp:attachment":[{"href":"https:\/\/zenavietnam.com\/en\/wp-json\/wp\/v2\/media?parent=6622"}],"wp:term":[{"taxonomy":"product_brand","embeddable":true,"href":"https:\/\/zenavietnam.com\/en\/wp-json\/wp\/v2\/product_brand?post=6622"},{"taxonomy":"product_cat","embeddable":true,"href":"https:\/\/zenavietnam.com\/en\/wp-json\/wp\/v2\/product_cat?post=6622"},{"taxonomy":"product_tag","embeddable":true,"href":"https:\/\/zenavietnam.com\/en\/wp-json\/wp\/v2\/product_tag?post=6622"}],"curies":[{"name":"wp","href":"https:\/\/api.w.org\/{rel}","templated":true}]}}