{"id":6659,"date":"2026-05-07T01:34:26","date_gmt":"2026-05-07T01:34:26","guid":{"rendered":"https:\/\/zenavietnam.com\/?post_type=product&#038;p=6659"},"modified":"2026-05-07T01:34:26","modified_gmt":"2026-05-07T01:34:26","slug":"binh-minh","status":"publish","type":"product","link":"https:\/\/zenavietnam.com\/en\/massage-tai-nha\/binh-minh\/","title":{"rendered":"B\u00ecnh Minh"},"content":{"rendered":"","protected":false},"excerpt":{"rendered":"<p>T\u1eebng \u0111\u01b0\u1ee3c \u0111\u00e0o t\u1ea1o b\u00e0i b\u1ea3n v\u1ec1 massage tr\u1ecb li\u1ec7u , b\u1ea5m huy\u1ec7t \u1edf \u0110\u00e0i Loan n\u00ean qu\u00fd kh\u00e1ch y\u00ean t\u00e2m v\u1ec1 tay ngh\u1ec1 c\u0169ng nh\u01b0 tr\u00ecnh \u0111\u1ed9 c\u1ee7a m\u00ecnh khi \u0111\u1ebfn v\u1edbi c\u00e1c b\u1ea1n<\/p>","protected":false},"featured_media":6671,"comment_status":"closed","ping_status":"closed","template":"","meta":{"_acf_changed":false},"product_brand":[],"product_cat":[574],"product_tag":[],"class_list":{"0":"post-6659","1":"product","2":"type-product","3":"status-publish","4":"has-post-thumbnail","6":"product_cat-massage","8":"first","9":"instock","10":"shipping-taxable","11":"purchasable","12":"product-type-variable"},"acf":[],"_links":{"self":[{"href":"https:\/\/zenavietnam.com\/en\/wp-json\/wp\/v2\/product\/6659","targetHints":{"allow":["GET"]}}],"collection":[{"href":"https:\/\/zenavietnam.com\/en\/wp-json\/wp\/v2\/product"}],"about":[{"href":"https:\/\/zenavietnam.com\/en\/wp-json\/wp\/v2\/types\/product"}],"replies":[{"embeddable":true,"href":"https:\/\/zenavietnam.com\/en\/wp-json\/wp\/v2\/comments?post=6659"}],"wp:featuredmedia":[{"embeddable":true,"href":"https:\/\/zenavietnam.com\/en\/wp-json\/wp\/v2\/media\/6671"}],"wp:attachment":[{"href":"https:\/\/zenavietnam.com\/en\/wp-json\/wp\/v2\/media?parent=6659"}],"wp:term":[{"taxonomy":"product_brand","embeddable":true,"href":"https:\/\/zenavietnam.com\/en\/wp-json\/wp\/v2\/product_brand?post=6659"},{"taxonomy":"product_cat","embeddable":true,"href":"https:\/\/zenavietnam.com\/en\/wp-json\/wp\/v2\/product_cat?post=6659"},{"taxonomy":"product_tag","embeddable":true,"href":"https:\/\/zenavietnam.com\/en\/wp-json\/wp\/v2\/product_tag?post=6659"}],"curies":[{"name":"wp","href":"https:\/\/api.w.org\/{rel}","templated":true}]}}