{"id":6672,"date":"2026-05-07T01:41:53","date_gmt":"2026-05-07T01:41:53","guid":{"rendered":"https:\/\/zenavietnam.com\/?post_type=product&#038;p=6672"},"modified":"2026-05-07T01:41:53","modified_gmt":"2026-05-07T01:41:53","slug":"thu-lieu","status":"publish","type":"product","link":"https:\/\/zenavietnam.com\/en\/massage-tai-nha\/thu-lieu\/","title":{"rendered":"Thu li\u1ec5u"},"content":{"rendered":"","protected":false},"excerpt":{"rendered":"<p>C\u00f3 kinh nghi\u1ec7m 5 n\u0103m kinh nghi\u1ec7m masage body,c\u1ed5 vai g\u00e1y , tr\u01b0\u1eddm \u0111\u00e1 n\u00f3ng ,matsa \u0111\u1eafp m\u1eb7t .. ai b\u00f3 c\u01a1 vai g\u00e1y g\u1eb7p em l\u00e0 kh\u1ecfi \u1ea1.<\/p>","protected":false},"featured_media":6681,"comment_status":"closed","ping_status":"closed","template":"","meta":{"_acf_changed":false},"product_brand":[],"product_cat":[574],"product_tag":[],"class_list":{"0":"post-6672","1":"product","2":"type-product","3":"status-publish","4":"has-post-thumbnail","6":"product_cat-massage","8":"first","9":"instock","10":"shipping-taxable","11":"purchasable","12":"product-type-variable"},"acf":[],"_links":{"self":[{"href":"https:\/\/zenavietnam.com\/en\/wp-json\/wp\/v2\/product\/6672","targetHints":{"allow":["GET"]}}],"collection":[{"href":"https:\/\/zenavietnam.com\/en\/wp-json\/wp\/v2\/product"}],"about":[{"href":"https:\/\/zenavietnam.com\/en\/wp-json\/wp\/v2\/types\/product"}],"replies":[{"embeddable":true,"href":"https:\/\/zenavietnam.com\/en\/wp-json\/wp\/v2\/comments?post=6672"}],"wp:featuredmedia":[{"embeddable":true,"href":"https:\/\/zenavietnam.com\/en\/wp-json\/wp\/v2\/media\/6681"}],"wp:attachment":[{"href":"https:\/\/zenavietnam.com\/en\/wp-json\/wp\/v2\/media?parent=6672"}],"wp:term":[{"taxonomy":"product_brand","embeddable":true,"href":"https:\/\/zenavietnam.com\/en\/wp-json\/wp\/v2\/product_brand?post=6672"},{"taxonomy":"product_cat","embeddable":true,"href":"https:\/\/zenavietnam.com\/en\/wp-json\/wp\/v2\/product_cat?post=6672"},{"taxonomy":"product_tag","embeddable":true,"href":"https:\/\/zenavietnam.com\/en\/wp-json\/wp\/v2\/product_tag?post=6672"}],"curies":[{"name":"wp","href":"https:\/\/api.w.org\/{rel}","templated":true}]}}