{"id":6682,"date":"2026-05-07T02:16:13","date_gmt":"2026-05-07T02:16:13","guid":{"rendered":"https:\/\/zenavietnam.com\/?post_type=product&#038;p=6682"},"modified":"2026-05-07T02:16:13","modified_gmt":"2026-05-07T02:16:13","slug":"hai-ly","status":"publish","type":"product","link":"https:\/\/zenavietnam.com\/en\/massage-tai-nha\/hai-ly\/","title":{"rendered":"H\u1ea3i L\u00fd"},"content":{"rendered":"","protected":false},"excerpt":{"rendered":"<p>Em \u0111\u00e3 \u0111\u01b0\u1ee3c \u0111\u00e0o t\u1ea1o \u1edf spa 5 sao &#8230; Chuy\u00ean tr\u1ecb li\u1ec7u c\u1ed5 vai g\u00e1y , massage body , massage foot \u1ea1 \u2764\ufe0f Em l\u00e0m l\u00e0nh m\u1ea1nh , n\u00ean mong qu\u00fd kh\u00e1ch h\u00e0ng kh\u00f4ng h\u1ecfi th\u00eam v\u1ec1 c\u00e1c v\u1ea5n \u0111\u1ec1 kh\u00e1c , em c\u1ea3m \u01a1n<\/p>","protected":false},"featured_media":6693,"comment_status":"closed","ping_status":"closed","template":"","meta":{"_acf_changed":false},"product_brand":[],"product_cat":[574],"product_tag":[],"class_list":{"0":"post-6682","1":"product","2":"type-product","3":"status-publish","4":"has-post-thumbnail","6":"product_cat-massage","8":"first","9":"instock","10":"shipping-taxable","11":"purchasable","12":"product-type-variable"},"acf":[],"_links":{"self":[{"href":"https:\/\/zenavietnam.com\/en\/wp-json\/wp\/v2\/product\/6682","targetHints":{"allow":["GET"]}}],"collection":[{"href":"https:\/\/zenavietnam.com\/en\/wp-json\/wp\/v2\/product"}],"about":[{"href":"https:\/\/zenavietnam.com\/en\/wp-json\/wp\/v2\/types\/product"}],"replies":[{"embeddable":true,"href":"https:\/\/zenavietnam.com\/en\/wp-json\/wp\/v2\/comments?post=6682"}],"wp:featuredmedia":[{"embeddable":true,"href":"https:\/\/zenavietnam.com\/en\/wp-json\/wp\/v2\/media\/6693"}],"wp:attachment":[{"href":"https:\/\/zenavietnam.com\/en\/wp-json\/wp\/v2\/media?parent=6682"}],"wp:term":[{"taxonomy":"product_brand","embeddable":true,"href":"https:\/\/zenavietnam.com\/en\/wp-json\/wp\/v2\/product_brand?post=6682"},{"taxonomy":"product_cat","embeddable":true,"href":"https:\/\/zenavietnam.com\/en\/wp-json\/wp\/v2\/product_cat?post=6682"},{"taxonomy":"product_tag","embeddable":true,"href":"https:\/\/zenavietnam.com\/en\/wp-json\/wp\/v2\/product_tag?post=6682"}],"curies":[{"name":"wp","href":"https:\/\/api.w.org\/{rel}","templated":true}]}}