{"id":6694,"date":"2026-05-07T02:33:11","date_gmt":"2026-05-07T02:33:11","guid":{"rendered":"https:\/\/zenavietnam.com\/?post_type=product&#038;p=6694"},"modified":"2026-05-07T02:33:11","modified_gmt":"2026-05-07T02:33:11","slug":"linh-lucky","status":"publish","type":"product","link":"https:\/\/zenavietnam.com\/en\/massage-tai-nha\/linh-lucky\/","title":{"rendered":"Linh lucky"},"content":{"rendered":"","protected":false},"excerpt":{"rendered":"<p>\u2764Kinh nghi\u1ec7m massage t\u1eadn n\u01a1i body , aroma,ch\u00e2n,c\u1ed5 vai g\u00e1y , \u0111\u1ea7u,m\u1eb7c.c ch\u00e2n, c\u1ea1o gi\u00f3 lu\u00f4n lu\u00f4n th\u00e2n thi\u1ec7n vui v\u1ebb v\u1edbi kh\u00e1ch h\u00e0ng \ud83d\ude0a\ud83d\ude0a\ud83d\ude0a. \u2764kinh nghi\u1ec7m \u0111\u01b0\u1ee3c 3 n\u0103m gi\u00fap kh\u00e1ch h\u00e0ng l\u1ea5y l\u1ea1i s\u1ee9c kh\u1ecfe ch\u1ec9 trong 60 ph\u00fat massage chuyen nghi\u1ec7p ###\ud83e\udd70\ud83e\udd70\ud83e\udd70\ud83e\udd70\ud83e\udd70\ud83e\udd70\ud83e\udd70#Minh ch\u1ec9 l\u00e0m thu\u1ea7n kh\u1ecfe<\/p>","protected":false},"featured_media":6704,"comment_status":"closed","ping_status":"closed","template":"","meta":{"_acf_changed":false},"product_brand":[],"product_cat":[574],"product_tag":[],"class_list":{"0":"post-6694","1":"product","2":"type-product","3":"status-publish","4":"has-post-thumbnail","6":"product_cat-massage","8":"first","9":"instock","10":"shipping-taxable","11":"purchasable","12":"product-type-variable"},"acf":[],"_links":{"self":[{"href":"https:\/\/zenavietnam.com\/en\/wp-json\/wp\/v2\/product\/6694","targetHints":{"allow":["GET"]}}],"collection":[{"href":"https:\/\/zenavietnam.com\/en\/wp-json\/wp\/v2\/product"}],"about":[{"href":"https:\/\/zenavietnam.com\/en\/wp-json\/wp\/v2\/types\/product"}],"replies":[{"embeddable":true,"href":"https:\/\/zenavietnam.com\/en\/wp-json\/wp\/v2\/comments?post=6694"}],"wp:featuredmedia":[{"embeddable":true,"href":"https:\/\/zenavietnam.com\/en\/wp-json\/wp\/v2\/media\/6704"}],"wp:attachment":[{"href":"https:\/\/zenavietnam.com\/en\/wp-json\/wp\/v2\/media?parent=6694"}],"wp:term":[{"taxonomy":"product_brand","embeddable":true,"href":"https:\/\/zenavietnam.com\/en\/wp-json\/wp\/v2\/product_brand?post=6694"},{"taxonomy":"product_cat","embeddable":true,"href":"https:\/\/zenavietnam.com\/en\/wp-json\/wp\/v2\/product_cat?post=6694"},{"taxonomy":"product_tag","embeddable":true,"href":"https:\/\/zenavietnam.com\/en\/wp-json\/wp\/v2\/product_tag?post=6694"}],"curies":[{"name":"wp","href":"https:\/\/api.w.org\/{rel}","templated":true}]}}