{"id":6705,"date":"2026-05-07T02:38:39","date_gmt":"2026-05-07T02:38:39","guid":{"rendered":"https:\/\/zenavietnam.com\/?post_type=product&#038;p=6705"},"modified":"2026-05-07T02:38:39","modified_gmt":"2026-05-07T02:38:39","slug":"june-mai","status":"publish","type":"product","link":"https:\/\/zenavietnam.com\/en\/massage-tai-nha\/june-mai\/","title":{"rendered":"June Mai"},"content":{"rendered":"","protected":false},"excerpt":{"rendered":"<p>\u2764\ufe0f L\u00e0m vi\u1ec7c c\u00f3 t\u00e2m v\u00e0 tr\u00e1ch nhi\u1ec7m\u2026 Kh\u00e1ch h\u00e0ng mu\u1ed1n gi\u1ea3i to\u1ea3 c\u0103ng th\u1eb3ng v\u00e0 tho\u1ea3i m\u00e1i tinh th\u1ea7n h\u00e3y t\u00ecm \u0111\u1ebfn em \u1ea1\u2026 \u2764\ufe0f \ud83e\udd70 I have good service, experience and can speak English\u2026 I will bring Happy to you \ud83e\udd70<\/p>","protected":false},"featured_media":6713,"comment_status":"closed","ping_status":"closed","template":"","meta":{"_acf_changed":false},"product_brand":[],"product_cat":[574],"product_tag":[],"class_list":{"0":"post-6705","1":"product","2":"type-product","3":"status-publish","4":"has-post-thumbnail","6":"product_cat-massage","8":"first","9":"instock","10":"shipping-taxable","11":"purchasable","12":"product-type-variable"},"acf":[],"_links":{"self":[{"href":"https:\/\/zenavietnam.com\/en\/wp-json\/wp\/v2\/product\/6705","targetHints":{"allow":["GET"]}}],"collection":[{"href":"https:\/\/zenavietnam.com\/en\/wp-json\/wp\/v2\/product"}],"about":[{"href":"https:\/\/zenavietnam.com\/en\/wp-json\/wp\/v2\/types\/product"}],"replies":[{"embeddable":true,"href":"https:\/\/zenavietnam.com\/en\/wp-json\/wp\/v2\/comments?post=6705"}],"wp:featuredmedia":[{"embeddable":true,"href":"https:\/\/zenavietnam.com\/en\/wp-json\/wp\/v2\/media\/6713"}],"wp:attachment":[{"href":"https:\/\/zenavietnam.com\/en\/wp-json\/wp\/v2\/media?parent=6705"}],"wp:term":[{"taxonomy":"product_brand","embeddable":true,"href":"https:\/\/zenavietnam.com\/en\/wp-json\/wp\/v2\/product_brand?post=6705"},{"taxonomy":"product_cat","embeddable":true,"href":"https:\/\/zenavietnam.com\/en\/wp-json\/wp\/v2\/product_cat?post=6705"},{"taxonomy":"product_tag","embeddable":true,"href":"https:\/\/zenavietnam.com\/en\/wp-json\/wp\/v2\/product_tag?post=6705"}],"curies":[{"name":"wp","href":"https:\/\/api.w.org\/{rel}","templated":true}]}}