{"id":6727,"date":"2026-05-07T02:55:56","date_gmt":"2026-05-07T02:55:56","guid":{"rendered":"https:\/\/zenavietnam.com\/?post_type=product&#038;p=6727"},"modified":"2026-05-07T02:55:56","modified_gmt":"2026-05-07T02:55:56","slug":"an-na-le","status":"publish","type":"product","link":"https:\/\/zenavietnam.com\/en\/massage-tai-nha\/an-na-le\/","title":{"rendered":"An Na Le"},"content":{"rendered":"","protected":false},"excerpt":{"rendered":"<p>Kinh nghi\u1ec7m 3 n\u0103m T\u00f4i t\u1eadn t\u00e2m, t\u1eadn t\u00ecnh- Kh\u00e1ch h\u00e0ng t\u1eadn h\u01b0\u1edfng, t\u1eadn c\u00f9ng. Ch\u1eef t\u00e2m trong Ngh\u1ec1 +T\u1ea1o n\u00ean ch\u1eef T\u00edn = Th\u01b0\u01a1ng hi\u1ec7u c\u00e1 nh\u00e2n. Cam k\u1ebft \u0111\u00fang quy tr\u00ecnh v\u00e0 th\u1eddi gian.<\/p>","protected":false},"featured_media":6739,"comment_status":"closed","ping_status":"closed","template":"","meta":{"_acf_changed":false},"product_brand":[],"product_cat":[574],"product_tag":[],"class_list":{"0":"post-6727","1":"product","2":"type-product","3":"status-publish","4":"has-post-thumbnail","6":"product_cat-massage","8":"first","9":"instock","10":"shipping-taxable","11":"purchasable","12":"product-type-variable"},"acf":[],"_links":{"self":[{"href":"https:\/\/zenavietnam.com\/en\/wp-json\/wp\/v2\/product\/6727","targetHints":{"allow":["GET"]}}],"collection":[{"href":"https:\/\/zenavietnam.com\/en\/wp-json\/wp\/v2\/product"}],"about":[{"href":"https:\/\/zenavietnam.com\/en\/wp-json\/wp\/v2\/types\/product"}],"replies":[{"embeddable":true,"href":"https:\/\/zenavietnam.com\/en\/wp-json\/wp\/v2\/comments?post=6727"}],"wp:featuredmedia":[{"embeddable":true,"href":"https:\/\/zenavietnam.com\/en\/wp-json\/wp\/v2\/media\/6739"}],"wp:attachment":[{"href":"https:\/\/zenavietnam.com\/en\/wp-json\/wp\/v2\/media?parent=6727"}],"wp:term":[{"taxonomy":"product_brand","embeddable":true,"href":"https:\/\/zenavietnam.com\/en\/wp-json\/wp\/v2\/product_brand?post=6727"},{"taxonomy":"product_cat","embeddable":true,"href":"https:\/\/zenavietnam.com\/en\/wp-json\/wp\/v2\/product_cat?post=6727"},{"taxonomy":"product_tag","embeddable":true,"href":"https:\/\/zenavietnam.com\/en\/wp-json\/wp\/v2\/product_tag?post=6727"}],"curies":[{"name":"wp","href":"https:\/\/api.w.org\/{rel}","templated":true}]}}