{"id":6740,"date":"2026-05-07T03:09:15","date_gmt":"2026-05-07T03:09:15","guid":{"rendered":"https:\/\/zenavietnam.com\/?post_type=product&#038;p=6740"},"modified":"2026-05-07T03:09:15","modified_gmt":"2026-05-07T03:09:15","slug":"thuan-candy","status":"publish","type":"product","link":"https:\/\/zenavietnam.com\/en\/massage-tai-nha\/thuan-candy\/","title":{"rendered":"Thuan Candy"},"content":{"rendered":"","protected":false},"excerpt":{"rendered":"<p>* Nhi\u1ec1u n\u0103m kinh nghi\u1ec7m l\u00e0m vi\u1ec7c v\u1edbi k\u1ef9 thu\u1eadt massage chu\u1ea9n 5 sao. &#8211; Nhi\u1ec7t t\u00ecnh, ch\u0103m ch\u1ec9, c\u00f3 tr\u00e1ch nhi\u1ec7m cao trong c\u00f4ng vi\u1ec7c. &#8211; Th\u00e2n thi\u1ec7n v\u1edbi m\u1ecdi ng\u01b0\u1eddi, ph\u1ee5c v\u1ee5 chu \u0111\u00e1o \u0111\u1ec3 kh\u00e1ch h\u00e0ng c\u1ea3m th\u1ea5y tho\u1ea3i m\u00e1i nh\u1ea5t c\u00f3 th\u1ec3.<\/p>","protected":false},"featured_media":6752,"comment_status":"closed","ping_status":"closed","template":"","meta":{"_acf_changed":false},"product_brand":[],"product_cat":[574],"product_tag":[],"class_list":{"0":"post-6740","1":"product","2":"type-product","3":"status-publish","4":"has-post-thumbnail","6":"product_cat-massage","8":"first","9":"instock","10":"shipping-taxable","11":"purchasable","12":"product-type-variable"},"acf":[],"_links":{"self":[{"href":"https:\/\/zenavietnam.com\/en\/wp-json\/wp\/v2\/product\/6740","targetHints":{"allow":["GET"]}}],"collection":[{"href":"https:\/\/zenavietnam.com\/en\/wp-json\/wp\/v2\/product"}],"about":[{"href":"https:\/\/zenavietnam.com\/en\/wp-json\/wp\/v2\/types\/product"}],"replies":[{"embeddable":true,"href":"https:\/\/zenavietnam.com\/en\/wp-json\/wp\/v2\/comments?post=6740"}],"wp:featuredmedia":[{"embeddable":true,"href":"https:\/\/zenavietnam.com\/en\/wp-json\/wp\/v2\/media\/6752"}],"wp:attachment":[{"href":"https:\/\/zenavietnam.com\/en\/wp-json\/wp\/v2\/media?parent=6740"}],"wp:term":[{"taxonomy":"product_brand","embeddable":true,"href":"https:\/\/zenavietnam.com\/en\/wp-json\/wp\/v2\/product_brand?post=6740"},{"taxonomy":"product_cat","embeddable":true,"href":"https:\/\/zenavietnam.com\/en\/wp-json\/wp\/v2\/product_cat?post=6740"},{"taxonomy":"product_tag","embeddable":true,"href":"https:\/\/zenavietnam.com\/en\/wp-json\/wp\/v2\/product_tag?post=6740"}],"curies":[{"name":"wp","href":"https:\/\/api.w.org\/{rel}","templated":true}]}}