{"id":6753,"date":"2026-05-07T03:25:03","date_gmt":"2026-05-07T03:25:03","guid":{"rendered":"https:\/\/zenavietnam.com\/?post_type=product&#038;p=6753"},"modified":"2026-05-07T03:25:03","modified_gmt":"2026-05-07T03:25:03","slug":"wendy","status":"publish","type":"product","link":"https:\/\/zenavietnam.com\/en\/massage-tai-nha\/wendy\/","title":{"rendered":"Wendy"},"content":{"rendered":"","protected":false},"excerpt":{"rendered":"<p>\u2764\ufe0f Chuy\u00ean vien massage t\u1eadn t\u00ecnh chu \u0111\u00e1o \ud83e\udd70\ud83e\udd70 Tr\u1ecb li\u1ec7u h\u1ed7 tr\u1ee3 \u0111au \u0111\u1ea7u m\u1ea5t ng\u1ee7. \u0110au c\u1ed5 vai g\u00e1y \ud83e\udd70\ud83e\udd70 Tr\u1ecb \u0111au th\u1ea7n kinh t\u1ecda _ \u0110\u00e3 th\u00f4ng kinh l\u1ea1c _ Gi\u1ea3ng c\u01a1 \ud83d\udc9d \u0110\u1eb7c bi\u1ec7t: ng\u01b0\u1eddi l\u00e0m V\u0103n ph\u00f2ng, ng\u1ed3i gh\u1ebf l\u00e2u v\u00e0 s\u1eed d\u1ee5ng m\u00e1y t\u00ednh nhi\u1ec1u th\u01b0\u1eddng b\u1ecb \u0111au m\u1ecfi vai g\u00e1y v\u00e0 \u0111au nh\u1ee9c m\u1ecfi th\u1ea5t l\u01b0ng&#8230; \ud83d\udc9d\ud83d\udc9d Ch\u0103m s\u00f3c s\u1ee9c kh\u1ecfe &amp; l\u00e0m \u0111\u1eb9p \ud83e\udd29\ud83e\udd29 Ai c\u00f3 nhu c\u1ea7u li\u00ean h\u1ec7 e ah&#8230; E c\u00e1m \u01a1n<\/p>","protected":false},"featured_media":6767,"comment_status":"closed","ping_status":"closed","template":"","meta":{"_acf_changed":false},"product_brand":[],"product_cat":[574],"product_tag":[],"class_list":{"0":"post-6753","1":"product","2":"type-product","3":"status-publish","4":"has-post-thumbnail","6":"product_cat-massage","8":"first","9":"instock","10":"shipping-taxable","11":"purchasable","12":"product-type-variable"},"acf":[],"_links":{"self":[{"href":"https:\/\/zenavietnam.com\/en\/wp-json\/wp\/v2\/product\/6753","targetHints":{"allow":["GET"]}}],"collection":[{"href":"https:\/\/zenavietnam.com\/en\/wp-json\/wp\/v2\/product"}],"about":[{"href":"https:\/\/zenavietnam.com\/en\/wp-json\/wp\/v2\/types\/product"}],"replies":[{"embeddable":true,"href":"https:\/\/zenavietnam.com\/en\/wp-json\/wp\/v2\/comments?post=6753"}],"wp:featuredmedia":[{"embeddable":true,"href":"https:\/\/zenavietnam.com\/en\/wp-json\/wp\/v2\/media\/6767"}],"wp:attachment":[{"href":"https:\/\/zenavietnam.com\/en\/wp-json\/wp\/v2\/media?parent=6753"}],"wp:term":[{"taxonomy":"product_brand","embeddable":true,"href":"https:\/\/zenavietnam.com\/en\/wp-json\/wp\/v2\/product_brand?post=6753"},{"taxonomy":"product_cat","embeddable":true,"href":"https:\/\/zenavietnam.com\/en\/wp-json\/wp\/v2\/product_cat?post=6753"},{"taxonomy":"product_tag","embeddable":true,"href":"https:\/\/zenavietnam.com\/en\/wp-json\/wp\/v2\/product_tag?post=6753"}],"curies":[{"name":"wp","href":"https:\/\/api.w.org\/{rel}","templated":true}]}}