{"id":6768,"date":"2026-05-07T04:29:14","date_gmt":"2026-05-07T04:29:14","guid":{"rendered":"https:\/\/zenavietnam.com\/?post_type=product&#038;p=6768"},"modified":"2026-05-07T04:29:14","modified_gmt":"2026-05-07T04:29:14","slug":"lyniy","status":"publish","type":"product","link":"https:\/\/zenavietnam.com\/en\/massage-tai-nha\/lyniy\/","title":{"rendered":"Lyniy"},"content":{"rendered":"","protected":false},"excerpt":{"rendered":"<p>Xin ch\u00e0o v\u00e0 c\u1ea3m \u01a1n qu\u00fd kh\u00e1ch \ud83d\udc9c \u2763\ufe0fT\u00f4i r\u1ea5t bi\u1ebft \u01a1n v\u00e0 h\u1ea1nh ph\u00fac v\u00ec h\u1eefu duy\u00ean \u0111\u01b0\u1ee3c l\u00e0 ng\u01b0\u1eddi ch\u0103m s\u00f3c s\u1ee9c kho\u1ebb cho qu\u00fd kh\u00e1ch ng\u00e0y h\u00f4m nay, ng\u00e0y mai v\u00e0 sau n\u00e0y \ud83d\ude0a \u2757\ufe0fH\u00e3y \u0111\u1ec3 t\u00f4i ch\u0103m s\u00f3c s\u1ee9c kho\u1ebb c\u1ee7a b\u1ea1n sau 1 ng\u00e0y l\u00e0m vi\u1ec7c v\u00e0 m\u1ec7t m\u1ecfi . V\u1edbi kinh nghi\u1ec7m v\u00e0 \u0111am m\u00ea c\u1ee7a m\u00ecnh t\u00f4i tin ch\u1eafc b\u1ea1n s\u1ebd h\u00e0i l\u00f2ng khi ch\u1ecdn \u0111\u00fang ng\u01b0\u1eddi . \u2705T\u00f4i c\u00f3 9 n\u0103m kinh nghi\u1ec7m v\u1ec1 Spa Massage ti\u00eau chu\u1ea9n body , tr\u1ecb li\u1ec7u vai g\u00e1y , kho\u1ebb l\u00e0nh m\u1ea1nh . T\u00f4i t\u1ef1 tin mang l\u1ea1i tr\u1ea3i nghi\u1ec7m tuy\u1ec7t v\u1eddi nh\u1ea5t \u0111\u1ebfn v\u1edbi kh\u00e1ch h\u00e0ng c\u1ee7a m\u00ecnh \ud83d\udc4c \ud83d\udc49H\u00e3y \u0111\u1eb7t l\u1ecbch \u0111\u1ec3 t\u00f4i c\u00f3 th\u1ec3 \u0111\u01b0\u1ee3c ch\u0103m s\u00f3c s\u1ee9c kho\u1ebb cho b\u1ea1n \u2757\ufe0fS\u1ef1 h\u00e0i l\u00f2ng c\u1ee7a kh\u00e1ch h\u00e0ng l\u00e0 gi\u00e1 tr\u1ecb to l\u1edbn trong c\u00f4ng vi\u1ec7c c\u1ee7a t\u00f4i \u26d4\ufe0fL\u01b0u \u00fd . B\u00e1n k\u00ednh tr\u00ean 10km.Qu\u00fd kh\u00e1ch vui l\u00f2ng h\u1ed7 tr\u1ee3 em ph\u00ed \u0111i l\u1ea1i \u1ea1 Thank for you \ud83d\udc9c<\/p>","protected":false},"featured_media":6779,"comment_status":"closed","ping_status":"closed","template":"","meta":{"_acf_changed":false},"product_brand":[],"product_cat":[574],"product_tag":[],"class_list":{"0":"post-6768","1":"product","2":"type-product","3":"status-publish","4":"has-post-thumbnail","6":"product_cat-massage","8":"first","9":"instock","10":"shipping-taxable","11":"purchasable","12":"product-type-variable"},"acf":[],"_links":{"self":[{"href":"https:\/\/zenavietnam.com\/en\/wp-json\/wp\/v2\/product\/6768","targetHints":{"allow":["GET"]}}],"collection":[{"href":"https:\/\/zenavietnam.com\/en\/wp-json\/wp\/v2\/product"}],"about":[{"href":"https:\/\/zenavietnam.com\/en\/wp-json\/wp\/v2\/types\/product"}],"replies":[{"embeddable":true,"href":"https:\/\/zenavietnam.com\/en\/wp-json\/wp\/v2\/comments?post=6768"}],"wp:featuredmedia":[{"embeddable":true,"href":"https:\/\/zenavietnam.com\/en\/wp-json\/wp\/v2\/media\/6779"}],"wp:attachment":[{"href":"https:\/\/zenavietnam.com\/en\/wp-json\/wp\/v2\/media?parent=6768"}],"wp:term":[{"taxonomy":"product_brand","embeddable":true,"href":"https:\/\/zenavietnam.com\/en\/wp-json\/wp\/v2\/product_brand?post=6768"},{"taxonomy":"product_cat","embeddable":true,"href":"https:\/\/zenavietnam.com\/en\/wp-json\/wp\/v2\/product_cat?post=6768"},{"taxonomy":"product_tag","embeddable":true,"href":"https:\/\/zenavietnam.com\/en\/wp-json\/wp\/v2\/product_tag?post=6768"}],"curies":[{"name":"wp","href":"https:\/\/api.w.org\/{rel}","templated":true}]}}