{"id":6798,"date":"2026-05-07T04:48:31","date_gmt":"2026-05-07T04:48:31","guid":{"rendered":"https:\/\/zenavietnam.com\/?post_type=product&#038;p=6798"},"modified":"2026-05-07T04:48:31","modified_gmt":"2026-05-07T04:48:31","slug":"be-xiu","status":"publish","type":"product","link":"https:\/\/zenavietnam.com\/en\/massage-tai-nha\/be-xiu\/","title":{"rendered":"B\u00e9 X\u00edu"},"content":{"rendered":"","protected":false},"excerpt":{"rendered":"<p>Massa body kinh nghi\u1ec7m tr\u00ean 3 n\u0103m l\u00e0m vi\u1ec7c t\u1ea1i sapa \ud83d\ude0dvui v\u1ebb nhi\u1ec7t t\u00ecnh . \ud83d\ude0d<\/p>","protected":false},"featured_media":6808,"comment_status":"closed","ping_status":"closed","template":"","meta":{"_acf_changed":false},"product_brand":[],"product_cat":[574],"product_tag":[],"class_list":{"0":"post-6798","1":"product","2":"type-product","3":"status-publish","4":"has-post-thumbnail","6":"product_cat-massage","8":"first","9":"instock","10":"shipping-taxable","11":"purchasable","12":"product-type-variable"},"acf":[],"_links":{"self":[{"href":"https:\/\/zenavietnam.com\/en\/wp-json\/wp\/v2\/product\/6798","targetHints":{"allow":["GET"]}}],"collection":[{"href":"https:\/\/zenavietnam.com\/en\/wp-json\/wp\/v2\/product"}],"about":[{"href":"https:\/\/zenavietnam.com\/en\/wp-json\/wp\/v2\/types\/product"}],"replies":[{"embeddable":true,"href":"https:\/\/zenavietnam.com\/en\/wp-json\/wp\/v2\/comments?post=6798"}],"wp:featuredmedia":[{"embeddable":true,"href":"https:\/\/zenavietnam.com\/en\/wp-json\/wp\/v2\/media\/6808"}],"wp:attachment":[{"href":"https:\/\/zenavietnam.com\/en\/wp-json\/wp\/v2\/media?parent=6798"}],"wp:term":[{"taxonomy":"product_brand","embeddable":true,"href":"https:\/\/zenavietnam.com\/en\/wp-json\/wp\/v2\/product_brand?post=6798"},{"taxonomy":"product_cat","embeddable":true,"href":"https:\/\/zenavietnam.com\/en\/wp-json\/wp\/v2\/product_cat?post=6798"},{"taxonomy":"product_tag","embeddable":true,"href":"https:\/\/zenavietnam.com\/en\/wp-json\/wp\/v2\/product_tag?post=6798"}],"curies":[{"name":"wp","href":"https:\/\/api.w.org\/{rel}","templated":true}]}}